{"id":4073,"date":"2026-04-21T16:56:04","date_gmt":"2026-04-21T14:56:04","guid":{"rendered":"https:\/\/www.carcaracol.com\/?post_type=product&#038;p=4073"},"modified":"2026-04-21T16:56:04","modified_gmt":"2026-04-21T14:56:04","slug":"renaul-challenger-312","status":"publish","type":"product","link":"https:\/\/www.carcaracol.com\/fr\/producto\/renaul-challenger-312\/","title":{"rendered":"RENAUL CHALLENGER 312"},"content":{"rendered":"<p data-start=\"269\" data-end=\"487\">Se ofrece en venta autocaravana perfilada <strong data-start=\"311\" data-end=\"329\">Challenger 312<\/strong>, matriculada en 2005, en <strong data-start=\"355\" data-end=\"382\">muy buen estado general<\/strong>, tanto interior como exterior. Veh\u00edculo cuidado, listo para viajar sin necesidad de inversi\u00f3n adicional. Montada sobre mec\u00e1nica <strong data-start=\"512\" data-end=\"553\"><span class=\"hover:entity-accent entity-underline inline cursor-pointer align-baseline\"><span class=\"whitespace-normal\">Renault 3.0 dCi 140 CV<\/span><\/span><\/strong>, reconocida por su robustez, fiabilidad y excelente respuesta en carretera, incluso en trayectos largos o zonas de monta\u00f1a.<\/p>\n<p data-start=\"721\" data-end=\"790\">Dise\u00f1o interior muy funcional que maximiza el espacio y la comodidad: <strong data-start=\"794\" data-end=\"823\">Capacidad para 5 personas<\/strong> (viaje y pernocta). <strong data-start=\"845\" data-end=\"875\">Cama francesa fija trasera<\/strong>, amplia y c\u00f3moda. <strong data-start=\"895\" data-end=\"924\">Cama convertible en sal\u00f3n<\/strong>, perfecta para invitados o familia. Zona de comedor espaciosa y luminosa. El interior se encuentra en <strong data-start=\"1028\" data-end=\"1064\">excelente estado de conservaci\u00f3n<\/strong>, con tapicer\u00edas y mobiliario muy bien cuidados. Pensada para ofrecer total autonom\u00eda durante tus viajes: Fregadero de acero inoxidable. Cocina de gas con varios fogones. Horno integrado, frigor\u00edfico grande.\u00a0 Amplios espacios de almacenamiento. Cuarto de ba\u00f1o independiente. <strong data-start=\"1392\" data-end=\"1410\">Ducha separada<\/strong>, aportando mayor comodidad. WC y lavabo en perfecto estado.<\/p>\n<p><strong data-start=\"1512\" data-end=\"1530\">Toldo exterior<\/strong>, ideal para crear zona de sombra, <strong>placa solar<\/strong>, perfecta para acampada libre y autonom\u00eda energ\u00e9tica,\u00a0 <strong>antena<\/strong>, para entretenimiento en ruta. Numerosos compartimentos de almacenaje. Motor en perfecto funcionamiento, mantenimiento al d\u00eda, lista para salir de viaje sin necesidad de revisiones inmediatas, veh\u00edculo fiable y muy probado para turismo itinerante. Autocaravana ideal para familias o parejas que buscan libertad, comodidad y autonom\u00eda en sus viajes, con una excelente relaci\u00f3n calidad-precio.<\/p>\n","protected":false},"excerpt":{"rendered":"<p>Se ofrece en venta autocaravana perfilada Challenger 312, matriculada en 2005, en muy buen estado general, tanto interior como exterior. Veh\u00edculo cuidado, listo para viajar sin necesidad de inversi\u00f3n adicional. Montada sobre mec\u00e1nica Renault 3.0 dCi 140 CV, reconocida por su robustez, fiabilidad y excelente respuesta en carretera, incluso en trayectos largos o zonas de [&hellip;]<\/p>\n","protected":false},"featured_media":4074,"template":"","meta":{"_joinchat":[]},"product_brand":[49],"product_cat":[61,34],"product_tag":[],"class_list":{"0":"post-4073","1":"product","2":"type-product","3":"status-publish","4":"has-post-thumbnail","6":"product_brand-renault","7":"product_cat-challenger","8":"product_cat-perfiladas","10":"first","11":"instock","12":"shipping-taxable","13":"purchasable","14":"product-type-simple"},"_links":{"self":[{"href":"https:\/\/www.carcaracol.com\/fr\/wp-json\/wp\/v2\/product\/4073","targetHints":{"allow":["GET"]}}],"collection":[{"href":"https:\/\/www.carcaracol.com\/fr\/wp-json\/wp\/v2\/product"}],"about":[{"href":"https:\/\/www.carcaracol.com\/fr\/wp-json\/wp\/v2\/types\/product"}],"wp:featuredmedia":[{"embeddable":true,"href":"https:\/\/www.carcaracol.com\/fr\/wp-json\/wp\/v2\/media\/4074"}],"wp:attachment":[{"href":"https:\/\/www.carcaracol.com\/fr\/wp-json\/wp\/v2\/media?parent=4073"}],"wp:term":[{"taxonomy":"product_brand","embeddable":true,"href":"https:\/\/www.carcaracol.com\/fr\/wp-json\/wp\/v2\/product_brand?post=4073"},{"taxonomy":"product_cat","embeddable":true,"href":"https:\/\/www.carcaracol.com\/fr\/wp-json\/wp\/v2\/product_cat?post=4073"},{"taxonomy":"product_tag","embeddable":true,"href":"https:\/\/www.carcaracol.com\/fr\/wp-json\/wp\/v2\/product_tag?post=4073"}],"curies":[{"name":"wp","href":"https:\/\/api.w.org\/{rel}","templated":true}]}}