{"id":4265,"date":"2026-05-09T18:08:22","date_gmt":"2026-05-09T16:08:22","guid":{"rendered":"https:\/\/www.carcaracol.com\/?post_type=product&#038;p=4265"},"modified":"2026-05-14T09:55:53","modified_gmt":"2026-05-14T07:55:53","slug":"fiat-ci-riviera-capuchina","status":"publish","type":"product","link":"https:\/\/www.carcaracol.com\/en\/producto\/fiat-ci-riviera-capuchina\/","title":{"rendered":"AUTOCARAVANA FIAT CI RIVIERA CAPUCHINA"},"content":{"rendered":"","protected":false},"excerpt":{"rendered":"<div class=\"\" data-turn-id-container=\"request-WEB:fbf57ce5-65db-4e44-beee-191b67bf4341-3\" data-is-intersecting=\"true\">\n<div class=\"relative w-full overflow-visible\">\n<section class=\"text-token-text-primary w-full focus:outline-none [--shadow-height:45px] has-data-writing-block:pointer-events-none has-data-writing-block:-mt-(--shadow-height) has-data-writing-block:pt-(--shadow-height) [&amp;:has([data-writing-block])&gt;*]:pointer-events-auto R6Vx5W_threadScrollVars scroll-mb-[calc(var(--scroll-root-safe-area-inset-bottom,0px)+var(--thread-response-height))] scroll-mt-[calc(var(--header-height)+min(200px,max(70px,20svh)))]\" dir=\"auto\" data-turn-id=\"request-WEB:fbf57ce5-65db-4e44-beee-191b67bf4341-3\" data-turn-id-container=\"request-WEB:fbf57ce5-65db-4e44-beee-191b67bf4341-3\" data-testid=\"conversation-turn-8\" data-scroll-anchor=\"false\" data-turn=\"assistant\">\n<div class=\"text-base my-auto mx-auto pb-10 [--thread-content-margin:var(--thread-content-margin-xs,calc(var(--spacing)*4))] @w-sm\/main:[--thread-content-margin:var(--thread-content-margin-sm,calc(var(--spacing)*6))] @w-lg\/main:[--thread-content-margin:var(--thread-content-margin-lg,calc(var(--spacing)*16))] px-(--thread-content-margin)\">\n<div class=\"[--thread-content-max-width:40rem] @w-lg\/main:[--thread-content-max-width:48rem] mx-auto max-w-(--thread-content-max-width) flex-1 group\/turn-messages focus-visible:outline-hidden relative flex w-full min-w-0 flex-col agent-turn\">\n<div class=\"flex max-w-full flex-col gap-4 grow\">\n<div class=\"min-h-8 text-message relative flex w-full flex-col items-end gap-2 text-start break-words whitespace-normal outline-none keyboard-focused:focus-ring [.text-message+&amp;]:mt-1\" dir=\"auto\" data-message-author-role=\"assistant\" data-message-id=\"873d1f11-d940-48ee-81ef-8d9697fab0cf\" data-message-model-slug=\"gpt-5-5\" data-turn-start-message=\"true\">\n<div class=\"flex w-full flex-col gap-1 empty:hidden\">\n<div class=\"markdown prose dark:prose-invert wrap-break-word w-full light markdown-new-styling\">\n<p data-start=\"0\" data-end=\"410\">La <strong>Fiat CI Riviera<\/strong> del a\u00f1o <strong>2007<\/strong> es una autocaravana ideal para quienes buscan comodidad, amplitud y libertad para viajar con total autonom\u00eda. Muy cuidada y completamente equipada, est\u00e1 lista para disfrutar desde el primer d\u00eda. Cuenta con <strong>107.002 kil\u00f3metros<\/strong> y dispone de<strong> 4 plazas<\/strong> homologadas tanto para viajar como para dormir, ofreciendo un espacio c\u00f3modo y funcional para escapadas, vacaciones o largas rutas.<\/p>\n<p data-start=\"412\" data-end=\"717\">Su distribuci\u00f3n interior destaca por la amplitud y la comodidad, con <strong>cama basculante<\/strong> y una amplia <strong>cama transversal<\/strong> trasera que garantizan un descanso confortable. Adem\u00e1s, dispone de un <strong>gran garaje<\/strong> trasero con much\u00edsimo espacio de carga, perfecto para llevar equipaje, bicicletas o todo lo necesario para el viaje.<\/p>\n<p data-start=\"719\" data-end=\"920\">En cuanto al equipamiento, incorpora <strong>toldo exterior<\/strong>, <strong>portabicicletas<\/strong>, <strong>c\u00e1mara de marcha atr\u00e1s<\/strong>, <strong>placa solar<\/strong> y <strong>televisi\u00f3n<\/strong> con antena, proporcionando mayor comodidad y autonom\u00eda durante cualquier aventura.<\/p>\n<p data-start=\"922\" data-end=\"1184\">La <strong>cocina<\/strong> est\u00e1 muy bien <strong>equipada<\/strong>, con frigor\u00edfico grande, horno, fregadero y amplios espacios de almacenamiento, permitiendo cocinar c\u00f3modamente en cualquier lugar.<\/p>\n<p data-start=\"922\" data-end=\"1184\">El <strong>ba\u00f1o<\/strong> tambi\u00e9n ofrece gran comodidad gracias a su ducha <strong>independiente<\/strong> con mampara y WC separado.<\/p>\n<p data-start=\"1186\" data-end=\"1302\">Una autocaravana espaciosa, pr\u00e1ctica y muy equipada, perfecta para disfrutar de viajar con total libertad y confort.<\/p>\n<p data-start=\"1304\" data-end=\"1383\" data-is-last-node=\"\" data-is-only-node=\"\">\n<\/div>\n<\/div>\n<\/div>\n<\/div>\n<div class=\"z-0 flex min-h-[46px] justify-start\"><\/div>\n<div class=\"mt-3 w-full empty:hidden\">\n<div class=\"text-center\"><\/div>\n<\/div>\n<\/div>\n<\/div>\n<\/section>\n<div class=\"contents\"><\/div>\n<\/div>\n<\/div>\n<div class=\"pointer-events-none -mt-px h-px translate-y-[calc(var(--scroll-root-safe-area-inset-bottom)-14*var(--spacing))]\" aria-hidden=\"true\"><\/div>\n","protected":false},"featured_media":4197,"template":"","meta":{"_joinchat":[]},"product_brand":[40],"product_cat":[16,39],"product_tag":[],"class_list":{"0":"post-4265","1":"product","2":"type-product","3":"status-publish","4":"has-post-thumbnail","6":"product_brand-fiat","7":"product_cat-sin-categorizar","8":"product_cat-fiat","10":"first","11":"instock","12":"shipping-taxable","13":"purchasable","14":"product-type-simple"},"_links":{"self":[{"href":"https:\/\/www.carcaracol.com\/en\/wp-json\/wp\/v2\/product\/4265","targetHints":{"allow":["GET"]}}],"collection":[{"href":"https:\/\/www.carcaracol.com\/en\/wp-json\/wp\/v2\/product"}],"about":[{"href":"https:\/\/www.carcaracol.com\/en\/wp-json\/wp\/v2\/types\/product"}],"wp:featuredmedia":[{"embeddable":true,"href":"https:\/\/www.carcaracol.com\/en\/wp-json\/wp\/v2\/media\/4197"}],"wp:attachment":[{"href":"https:\/\/www.carcaracol.com\/en\/wp-json\/wp\/v2\/media?parent=4265"}],"wp:term":[{"taxonomy":"product_brand","embeddable":true,"href":"https:\/\/www.carcaracol.com\/en\/wp-json\/wp\/v2\/product_brand?post=4265"},{"taxonomy":"product_cat","embeddable":true,"href":"https:\/\/www.carcaracol.com\/en\/wp-json\/wp\/v2\/product_cat?post=4265"},{"taxonomy":"product_tag","embeddable":true,"href":"https:\/\/www.carcaracol.com\/en\/wp-json\/wp\/v2\/product_tag?post=4265"}],"curies":[{"name":"wp","href":"https:\/\/api.w.org\/{rel}","templated":true}]}}