{"id":3899,"date":"2026-03-27T18:51:00","date_gmt":"2026-03-27T17:51:00","guid":{"rendered":"https:\/\/www.carcaracol.com\/?post_type=product&#038;p=3899"},"modified":"2026-03-27T19:09:37","modified_gmt":"2026-03-27T18:09:37","slug":"autocaravana-fiat-rimor-87-plus","status":"publish","type":"product","link":"https:\/\/www.carcaracol.com\/en\/producto\/autocaravana-fiat-rimor-87-plus\/","title":{"rendered":"AUTOCARAVANA FIAT RIMOR 87 PLUS"},"content":{"rendered":"","protected":false},"excerpt":{"rendered":"<h3 data-section-id=\"y19umd\" data-start=\"90\" data-end=\"192\">\ud83d\ude90 AUTOCARAVANA <span class=\"hover:entity-accent entity-underline inline cursor-pointer align-baseline\"><span class=\"whitespace-normal\">Fiat Rimor 87 Plus<\/span><\/span> \u2013 FIAT 2.3 (130 CV) \u2013 4 PLAZAS VIAJE Y NOCHE<\/h3>\n<p data-start=\"194\" data-end=\"550\">Se vende autocaravana <strong data-start=\"216\" data-end=\"238\">Fiat Rimor 87 Plus<\/strong> del a\u00f1o <strong data-start=\"247\" data-end=\"255\">2013<\/strong>, en muy buen estado general tanto interior como exterior, bien cuidada y lista para viajar sin necesidad de realizar ninguna inversi\u00f3n adicional. Se trata de un modelo pr\u00e1ctico y funcional, ideal para parejas o familias que buscan comodidad, autonom\u00eda y facilidad de uso en sus desplazamientos.<\/p>\n<p data-start=\"552\" data-end=\"785\">Montada sobre chasis Fiat con motor <strong data-start=\"588\" data-end=\"605\">2.3 de 130 CV<\/strong>, ofrece una conducci\u00f3n fiable, c\u00f3moda y eficiente, adecuada tanto para trayectos largos como para escapadas de fin de semana. Cuenta con <strong data-start=\"743\" data-end=\"756\">72.739 km<\/strong>, reflejo de un uso moderado.<\/p>\n<p data-start=\"787\" data-end=\"1135\">Dispone de <strong data-start=\"798\" data-end=\"843\">4 plazas homologadas para viajar y dormir<\/strong>, con una distribuci\u00f3n bien aprovechada que incluye <strong data-start=\"895\" data-end=\"926\">cama transversal basculante<\/strong> y <strong data-start=\"929\" data-end=\"963\">cama basculante sobre el sal\u00f3n<\/strong>, permitiendo un descanso c\u00f3modo sin necesidad de convertir espacios diariamente. El sal\u00f3n es amplio y luminoso, ideal para el uso diario, con buena entrada de luz natural.<\/p>\n<p data-start=\"1137\" data-end=\"1434\">La zona de cocina est\u00e1 completamente equipada con <strong data-start=\"1187\" data-end=\"1248\">fogones, fregadero, horno y frigor\u00edfico de gran capacidad<\/strong>, ofreciendo todo lo necesario para viajes con total autonom\u00eda. El ba\u00f1o es independiente y cuenta con <strong data-start=\"1350\" data-end=\"1368\">ducha separada<\/strong>, lo que aporta un extra de confort poco habitual en su categor\u00eda.<\/p>\n<p data-start=\"1436\" data-end=\"1678\">En cuanto a equipamiento, dispone de <strong data-start=\"1473\" data-end=\"1491\">toldo exterior<\/strong>, <strong data-start=\"1493\" data-end=\"1513\">porta bicicletas<\/strong>, <strong data-start=\"1515\" data-end=\"1541\">c\u00e1mara de marcha atr\u00e1s<\/strong>, <strong data-start=\"1543\" data-end=\"1567\">antena de televisi\u00f3n<\/strong> y <strong data-start=\"1570\" data-end=\"1587\">2 televisores<\/strong>, adem\u00e1s de <strong data-start=\"1599\" data-end=\"1614\">panel solar<\/strong>, que permite mayor independencia energ\u00e9tica durante los viajes.<\/p>\n<p data-start=\"1680\" data-end=\"1820\">El veh\u00edculo se encuentra en buen estado de conservaci\u00f3n, con interior cuidado y exterior en buenas condiciones, listo para su uso inmediato.<\/p>\n<p data-start=\"1822\" data-end=\"1966\">Una excelente oportunidad para adquirir una autocaravana bien equipada, funcional y preparada para disfrutar de la carretera con total libertad.<\/p>\n","protected":false},"featured_media":3916,"template":"","meta":{"_joinchat":[]},"product_brand":[40],"product_cat":[39,34],"product_tag":[],"class_list":{"0":"post-3899","1":"product","2":"type-product","3":"status-publish","4":"has-post-thumbnail","6":"product_brand-fiat","7":"product_cat-fiat","8":"product_cat-perfiladas","10":"first","11":"instock","12":"shipping-taxable","13":"purchasable","14":"product-type-simple"},"_links":{"self":[{"href":"https:\/\/www.carcaracol.com\/en\/wp-json\/wp\/v2\/product\/3899","targetHints":{"allow":["GET"]}}],"collection":[{"href":"https:\/\/www.carcaracol.com\/en\/wp-json\/wp\/v2\/product"}],"about":[{"href":"https:\/\/www.carcaracol.com\/en\/wp-json\/wp\/v2\/types\/product"}],"wp:featuredmedia":[{"embeddable":true,"href":"https:\/\/www.carcaracol.com\/en\/wp-json\/wp\/v2\/media\/3916"}],"wp:attachment":[{"href":"https:\/\/www.carcaracol.com\/en\/wp-json\/wp\/v2\/media?parent=3899"}],"wp:term":[{"taxonomy":"product_brand","embeddable":true,"href":"https:\/\/www.carcaracol.com\/en\/wp-json\/wp\/v2\/product_brand?post=3899"},{"taxonomy":"product_cat","embeddable":true,"href":"https:\/\/www.carcaracol.com\/en\/wp-json\/wp\/v2\/product_cat?post=3899"},{"taxonomy":"product_tag","embeddable":true,"href":"https:\/\/www.carcaracol.com\/en\/wp-json\/wp\/v2\/product_tag?post=3899"}],"curies":[{"name":"wp","href":"https:\/\/api.w.org\/{rel}","templated":true}]}}