{"id":3992,"date":"2026-04-04T15:53:46","date_gmt":"2026-04-04T13:53:46","guid":{"rendered":"https:\/\/www.carcaracol.com\/?post_type=product&#038;p=3992"},"modified":"2026-04-04T15:53:46","modified_gmt":"2026-04-04T13:53:46","slug":"autocaravana-dethleffs-esprit-rt","status":"publish","type":"product","link":"https:\/\/www.carcaracol.com\/de\/producto\/autocaravana-dethleffs-esprit-rt\/","title":{"rendered":"AUTOCARAVANA DETHLEFFS ESPRIT RT"},"content":{"rendered":"","protected":false},"excerpt":{"rendered":"<div class=\"flex flex-col text-sm\">\n<section class=\"text-token-text-primary w-full focus:outline-none [--shadow-height:45px] has-data-writing-block:pointer-events-none has-data-writing-block:-mt-(--shadow-height) has-data-writing-block:pt-(--shadow-height) [&amp;:has([data-writing-block])&gt;*]:pointer-events-auto scroll-mt-[calc(var(--header-height)+min(200px,max(70px,20svh)))]\" dir=\"auto\" data-turn-id=\"request-WEB:82c812cd-6a29-490e-b17f-9515b3fb7e26-2\" data-testid=\"conversation-turn-6\" data-scroll-anchor=\"true\" data-turn=\"assistant\">\n<div class=\"text-base my-auto mx-auto pb-10 [--thread-content-margin:var(--thread-content-margin-xs,calc(var(--spacing)*4))] @w-sm\/main:[--thread-content-margin:var(--thread-content-margin-sm,calc(var(--spacing)*6))] @w-lg\/main:[--thread-content-margin:var(--thread-content-margin-lg,calc(var(--spacing)*16))] px-(--thread-content-margin)\">\n<div class=\"[--thread-content-max-width:40rem] @w-lg\/main:[--thread-content-max-width:48rem] mx-auto max-w-(--thread-content-max-width) flex-1 group\/turn-messages focus-visible:outline-hidden relative flex w-full min-w-0 flex-col agent-turn\">\n<div class=\"flex max-w-full flex-col gap-4 grow\">\n<div class=\"min-h-8 text-message relative flex w-full flex-col items-end gap-2 text-start break-words whitespace-normal outline-none keyboard-focused:focus-ring [.text-message+&amp;]:mt-1\" dir=\"auto\" data-message-author-role=\"assistant\" data-message-id=\"63dd8748-6ef7-4d1b-8613-39c02925480a\" data-message-model-slug=\"gpt-5-3\" data-turn-start-message=\"true\">\n<div class=\"flex w-full flex-col gap-1 empty:hidden\">\n<div class=\"markdown prose dark:prose-invert w-full wrap-break-word light markdown-new-styling\"><\/div>\n<\/div>\n<\/div>\n<\/div>\n<div class=\"z-0 flex min-h-[46px] justify-start\">\n<p data-start=\"69\" data-end=\"382\">Esta magn\u00edfica autocaravana <strong><span class=\"hover:entity-accent entity-underline inline cursor-pointer align-baseline\"><span class=\"whitespace-normal\">Dethleffs<\/span><\/span> Esprit RT<\/strong>, es una opci\u00f3n ideal para quienes buscan comodidad, fiabilidad y libertad en sus viajes. Se trata de un veh\u00edculo de ocasi\u00f3n cuidadosamente mantenido, que destaca por su excelente estado tanto interior como exterior.<\/p>\n<p data-start=\"384\" data-end=\"682\">Esta autocaravana est\u00e1 dise\u00f1ada para ofrecer una experiencia completa en carretera, combinando funcionalidad y confort en cada detalle. Cuenta con capacidad para <strong>4 plazas<\/strong>, lo que la convierte en una alternativa perfecta para familias o parejas que deseen disfrutar de escapadas con total autonom\u00eda.<\/p>\n<p data-start=\"684\" data-end=\"1099\">En su interior, dispone de una pr\u00e1ctica distribuci\u00f3n con <strong>cama francesa<\/strong> fija y una segunda cama convertible en el sal\u00f3n, optimizando el espacio sin renunciar a la comodidad. La zona de <strong>cocina<\/strong> est\u00e1 completamente equipada con<strong> fogones<\/strong>, <strong>horno<\/strong>, <strong>fregadero<\/strong> y un <strong>frigor\u00edfico<\/strong> de gran capacidad, ideal para estancias prolongadas. Adem\u00e1s, incorpora un cuarto de ba\u00f1o completo que garantiza la m\u00e1xima comodidad durante el viaje.<\/p>\n<p data-start=\"1101\" data-end=\"1222\">En cuanto a equipamiento, esta unidad incluye una amplia gama de extras pensados para mejorar la experiencia del usuario:<\/p>\n<ul data-start=\"1223\" data-end=\"1351\">\n<li data-section-id=\"qelby6\" data-start=\"1223\" data-end=\"1239\"><strong>Toldo exterior<\/strong><\/li>\n<li data-section-id=\"1sg5kus\" data-start=\"1240\" data-end=\"1253\"><strong>Placa solar<\/strong><\/li>\n<li data-section-id=\"1w6rb21\" data-start=\"1254\" data-end=\"1262\"><strong>Antena<\/strong><\/li>\n<li data-section-id=\"1gmofgd\" data-start=\"1263\" data-end=\"1281\"><strong>Porta bicicletas<\/strong><\/li>\n<li data-section-id=\"a9udth\" data-start=\"1282\" data-end=\"1306\"><strong>C\u00e1mara de marcha atr\u00e1s<\/strong><\/li>\n<li data-section-id=\"1djgnvl\" data-start=\"1307\" data-end=\"1318\"><strong>Televisor<\/strong><\/li>\n<li data-section-id=\"jjd7v0\" data-start=\"1319\" data-end=\"1351\"><strong>Asientos delanteros giratorios<\/strong><\/li>\n<\/ul>\n<p data-start=\"1353\" data-end=\"1556\">El veh\u00edculo est\u00e1 equipado con un potente <strong>motor <span class=\"hover:entity-accent entity-underline inline cursor-pointer align-baseline\"><span class=\"whitespace-normal\">Renault<\/span><\/span> 3.0 de 140 CV<\/strong>, que ofrece un rendimiento fiable y adecuado tanto para trayectos largos como para rutas m\u00e1s exigentes.<\/p>\n<p data-start=\"1558\" data-end=\"1580\"><strong data-start=\"1558\" data-end=\"1580\">Datos principales:<\/strong><\/p>\n<ul data-start=\"1581\" data-end=\"1643\">\n<li data-section-id=\"11doykq\" data-start=\"1581\" data-end=\"1594\">A\u00f1o: <strong>2005<\/strong><\/li>\n<li data-section-id=\"1h0h0ai\" data-start=\"1595\" data-end=\"1622\">Kilometraje: <strong>135.024 km<\/strong><\/li>\n<li data-section-id=\"1j5tqed\" data-start=\"1623\" data-end=\"1643\">Precio: <strong>34.000 \u20ac<\/strong><\/li>\n<\/ul>\n<p data-start=\"1645\" data-end=\"1845\" data-is-last-node=\"\" data-is-only-node=\"\">Una excelente oportunidad para adquirir una autocaravana de calidad, lista para viajar y disfrutar desde el primer momento.<\/p>\n<\/div>\n<div class=\"mt-3 w-full empty:hidden\">\n<div class=\"text-center\"><\/div>\n<\/div>\n<\/div>\n<\/div>\n<\/section>\n<\/div>\n<div class=\"pointer-events-none h-px w-px absolute bottom-0\" aria-hidden=\"true\" data-edge=\"true\"><\/div>\n","protected":false},"featured_media":3993,"template":"","meta":{"_joinchat":[]},"product_brand":[49],"product_cat":[16],"product_tag":[],"class_list":{"0":"post-3992","1":"product","2":"type-product","3":"status-publish","4":"has-post-thumbnail","6":"product_brand-renault","7":"product_cat-sin-categorizar","9":"first","10":"instock","11":"shipping-taxable","12":"purchasable","13":"product-type-simple"},"_links":{"self":[{"href":"https:\/\/www.carcaracol.com\/de\/wp-json\/wp\/v2\/product\/3992","targetHints":{"allow":["GET"]}}],"collection":[{"href":"https:\/\/www.carcaracol.com\/de\/wp-json\/wp\/v2\/product"}],"about":[{"href":"https:\/\/www.carcaracol.com\/de\/wp-json\/wp\/v2\/types\/product"}],"wp:featuredmedia":[{"embeddable":true,"href":"https:\/\/www.carcaracol.com\/de\/wp-json\/wp\/v2\/media\/3993"}],"wp:attachment":[{"href":"https:\/\/www.carcaracol.com\/de\/wp-json\/wp\/v2\/media?parent=3992"}],"wp:term":[{"taxonomy":"product_brand","embeddable":true,"href":"https:\/\/www.carcaracol.com\/de\/wp-json\/wp\/v2\/product_brand?post=3992"},{"taxonomy":"product_cat","embeddable":true,"href":"https:\/\/www.carcaracol.com\/de\/wp-json\/wp\/v2\/product_cat?post=3992"},{"taxonomy":"product_tag","embeddable":true,"href":"https:\/\/www.carcaracol.com\/de\/wp-json\/wp\/v2\/product_tag?post=3992"}],"curies":[{"name":"wp","href":"https:\/\/api.w.org\/{rel}","templated":true}]}}