{"id":2883,"date":"2025-11-12T11:28:03","date_gmt":"2025-11-12T10:28:03","guid":{"rendered":"https:\/\/www.carcaracol.com\/?post_type=product&#038;p=2883"},"modified":"2026-03-12T20:42:35","modified_gmt":"2026-03-12T19:42:35","slug":"chausson-citroen","status":"publish","type":"product","link":"https:\/\/www.carcaracol.com\/de\/producto\/chausson-citroen\/","title":{"rendered":"CHAUSSON CITROEN"},"content":{"rendered":"","protected":false},"excerpt":{"rendered":"<div class=\"flex max-w-full flex-col grow\">\n<div class=\"min-h-8 text-message relative flex w-full flex-col items-end gap-2 text-start break-words whitespace-normal [.text-message+&amp;]:mt-1\" dir=\"auto\" data-message-author-role=\"assistant\" data-message-id=\"8f5f334b-1dd2-4a67-ae8a-2a70edeff9ca\" data-message-model-slug=\"gpt-5\">\n<div class=\"flex w-full flex-col gap-1 empty:hidden first:pt-[1px]\">\n<div class=\"markdown prose dark:prose-invert w-full break-words light markdown-new-styling\">\n<p data-start=\"0\" data-end=\"410\">La <strong data-start=\"3\" data-end=\"33\">Citro\u00ebn Capuchina 6 Plazas<\/strong> es una autocaravana tipo capuchina del a\u00f1o <strong data-start=\"77\" data-end=\"85\">2009 <\/strong>con <strong data-start=\"90\" data-end=\"103\">86.124 km<\/strong>, equipada con un <strong data-start=\"121\" data-end=\"152\">motor Citro\u00ebn 2.2 de 130 CV<\/strong>. Destaca por su amplitud interior y su distribuci\u00f3n pr\u00e1ctica, dise\u00f1ada para ofrecer comodidad y funcionalidad a familias o grupos de hasta seis personas. Combina la fiabilidad del motor Citro\u00ebn con un dise\u00f1o pensado para aprovechar al m\u00e1ximo cada espacio.<\/p>\n<p data-start=\"412\" data-end=\"702\">Dispone de <strong data-start=\"423\" data-end=\"454\">una cama transversal grande<\/strong>, <strong data-start=\"456\" data-end=\"477\">dos camas literas<\/strong> y <strong data-start=\"480\" data-end=\"511\">un sof\u00e1 convertible en cama<\/strong>, permitiendo una excelente capacidad de pernocta sin renunciar al confort. La <strong data-start=\"590\" data-end=\"607\">zona de estar<\/strong> cuenta con un sal\u00f3n espacioso que mantiene una agradable \u00e1rea de convivencia durante el d\u00eda.<\/p>\n<p data-start=\"704\" data-end=\"927\">La <strong data-start=\"707\" data-end=\"717\">cocina<\/strong> est\u00e1 totalmente equipada con un <strong data-start=\"750\" data-end=\"791\">frigor\u00edfico trivalente de gran tama\u00f1o<\/strong>, fogones y fregadero, garantizando comodidad durante los viajes. El <strong data-start=\"860\" data-end=\"868\">ba\u00f1o<\/strong> es funcional y completo, con ducha, lavabo y WC qu\u00edmico.<\/p>\n<p data-start=\"929\" data-end=\"1299\" data-is-last-node=\"\" data-is-only-node=\"\">Cuenta adem\u00e1s con <strong data-start=\"947\" data-end=\"979\">aire acondicionado en cabina<\/strong>, <strong data-start=\"981\" data-end=\"1007\">sistema de calefacci\u00f3n<\/strong>, <strong data-start=\"1009\" data-end=\"1033\">antena de televisi\u00f3n<\/strong>, <strong data-start=\"1035\" data-end=\"1050\">placa solar<\/strong> y <strong data-start=\"1053\" data-end=\"1071\">toldo exterior<\/strong>, lo que la hace ideal para estancias prolongadas y viajes en cualquier \u00e9poca del a\u00f1o. Su dise\u00f1o interior espacioso y bien distribuido la convierte en una opci\u00f3n perfecta para quienes buscan confort y autonom\u00eda en sus escapadas.<\/p>\n<\/div>\n<\/div>\n<\/div>\n<\/div>\n<div class=\"z-0 flex min-h-[46px] justify-start\"><\/div>\n<div class=\"mt-3 w-full empty:hidden\">\n<div class=\"text-center\">\n<div>\n<div class=\"inline-flex border border-gray-100 dark:border-gray-700 rounded-xl\">\n<div class=\"text-token-text-secondary flex items-center justify-center gap-4 px-4 py-2.5 text-sm whitespace-nowrap\"><\/div>\n<\/div>\n<\/div>\n<\/div>\n<\/div>\n<p data-start=\"1247\" data-end=\"1353\">Para m\u00e1s informaci\u00f3n, se puede llamar al tel\u00e9fono <strong>627 09 72 91<\/strong> o visitar la p\u00e1gina web <a class=\"decorated-link\" href=\"http:\/\/www.carcaracol.com\" target=\"_new\" rel=\"noopener\" data-start=\"1334\" data-end=\"1352\">www.carcaracol.com<\/a><\/p>\n","protected":false},"featured_media":2936,"template":"","meta":{"_joinchat":[]},"product_brand":[51],"product_cat":[42,18],"product_tag":[],"class_list":{"0":"post-2883","1":"product","2":"type-product","3":"status-publish","4":"has-post-thumbnail","6":"product_brand-citroen","7":"product_cat-citroen","8":"product_cat-portada","10":"first","11":"outofstock","12":"shipping-taxable","13":"product-type-simple"},"_links":{"self":[{"href":"https:\/\/www.carcaracol.com\/de\/wp-json\/wp\/v2\/product\/2883","targetHints":{"allow":["GET"]}}],"collection":[{"href":"https:\/\/www.carcaracol.com\/de\/wp-json\/wp\/v2\/product"}],"about":[{"href":"https:\/\/www.carcaracol.com\/de\/wp-json\/wp\/v2\/types\/product"}],"wp:featuredmedia":[{"embeddable":true,"href":"https:\/\/www.carcaracol.com\/de\/wp-json\/wp\/v2\/media\/2936"}],"wp:attachment":[{"href":"https:\/\/www.carcaracol.com\/de\/wp-json\/wp\/v2\/media?parent=2883"}],"wp:term":[{"taxonomy":"product_brand","embeddable":true,"href":"https:\/\/www.carcaracol.com\/de\/wp-json\/wp\/v2\/product_brand?post=2883"},{"taxonomy":"product_cat","embeddable":true,"href":"https:\/\/www.carcaracol.com\/de\/wp-json\/wp\/v2\/product_cat?post=2883"},{"taxonomy":"product_tag","embeddable":true,"href":"https:\/\/www.carcaracol.com\/de\/wp-json\/wp\/v2\/product_tag?post=2883"}],"curies":[{"name":"wp","href":"https:\/\/api.w.org\/{rel}","templated":true}]}}