{"id":2531,"date":"2025-09-30T13:28:20","date_gmt":"2025-09-30T11:28:20","guid":{"rendered":"https:\/\/www.carcaracol.com\/?post_type=product&#038;p=2531"},"modified":"2026-01-26T16:14:12","modified_gmt":"2026-01-26T15:14:12","slug":"renault-eriba-hymer","status":"publish","type":"product","link":"https:\/\/www.carcaracol.com\/de\/producto\/renault-eriba-hymer\/","title":{"rendered":"AUTOCARAVANA RENAULT ERIBA HYMER"},"content":{"rendered":"<p>&nbsp;<\/p>\n<table class=\"tabla-ficha\" style=\"height: 450px\" width=\"666\">\n<tbody>\n<tr>\n<td class=\"t-label\">MARCA<\/td>\n<td class=\"t-value\">RENAULT ERIBA HYMER<\/td>\n<\/tr>\n<tr>\n<td class=\"t-label\">TIPO DE AUTOCARAVANA<\/td>\n<td class=\"t-value\">PERFILADA<\/td>\n<\/tr>\n<tr>\n<td class=\"t-label\">PLAZAS PARA VIAJAR<\/td>\n<td class=\"t-value\">4<\/td>\n<\/tr>\n<tr>\n<td class=\"t-label\">PLAZAS PARA DORMIR<\/td>\n<td class=\"t-value\">4<\/td>\n<\/tr>\n<tr>\n<td class=\"t-label\">TIPO DE CAMAFR<\/td>\n<td class=\"t-value\">CAMA FRANCESA , SAL\u00d3N CONVERTIBLE<\/td>\n<\/tr>\n<tr>\n<td class=\"t-label\">MOTOR<\/td>\n<td class=\"t-value\">RENAULT<\/td>\n<\/tr>\n<tr>\n<td class=\"t-label\">CV<\/td>\n<td class=\"t-value\">3.0, 140CV<\/td>\n<\/tr>\n<tr>\n<td class=\"t-label\">KIL\u00d3METROS<\/td>\n<td class=\"t-value\">100.000KM<\/td>\n<\/tr>\n<tr>\n<td class=\"t-label\">A\u00d1O<\/td>\n<td class=\"t-value\">2005<\/td>\n<\/tr>\n<tr>\n<td class=\"t-label\">LARGO<\/td>\n<td class=\"t-value\">6,90<\/td>\n<\/tr>\n<tr>\n<td class=\"t-label\">ANCHO<\/td>\n<td class=\"t-value\">2,30<\/td>\n<\/tr>\n<\/tbody>\n<\/table>\n","protected":false},"excerpt":{"rendered":"<p data-start=\"151\" data-end=\"184\"><strong data-start=\"151\" data-end=\"168\">RENAULT ERIBA<\/strong><br data-start=\"168\" data-end=\"171\" \/>31.500,00 \u20ac<\/p>\n<p data-start=\"186\" data-end=\"381\">La autocaravana ERIBA de ocasi\u00f3n se encuentra en muy buen estado, tanto en su interior como en el exterior. Est\u00e1 equipada con todo lo necesario para disfrutar de viajes c\u00f3modos y con autonom\u00eda.<\/p>\n<p data-start=\"383\" data-end=\"564\">En el exterior, cuenta con antena, placa solar para mantener la energ\u00eda durante las estancias, toldo que proporciona sombra y escal\u00f3n el\u00e9ctrico que facilita el acceso al interior.<\/p>\n<p data-start=\"566\" data-end=\"788\">Al entrar, se encuentra un sal\u00f3n amplio con asientos giratorios que permiten aprovechar mejor el espacio de convivencia. La zona de descanso incluye una cama francesa y un sof\u00e1 convertible en cama, ideal para 4 personas.<\/p>\n<p data-start=\"790\" data-end=\"1059\">La cocina est\u00e1 completamente equipada con fogones, fregadero, frigor\u00edfico grande y horno, lo que permite preparar comidas c\u00f3modamente durante los desplazamientos. El cuarto de ba\u00f1o dispone de ducha separada, ofreciendo mayor confort e independencia en el aseo diario.<\/p>\n<p data-start=\"1061\" data-end=\"1239\">Est\u00e1 homologada para 4 plazas y presenta un kilometraje de 100.000 km. Su motor\u00a0 Renault 3.0 de 140 CV ofrece una conducci\u00f3n potente y fiable para rutas largas o terrenos variados.<\/p>\n<p data-start=\"1241\" data-end=\"1306\">\n","protected":false},"featured_media":2572,"template":"","meta":{"_joinchat":[]},"product_brand":[49],"product_cat":[34,18,48,41],"product_tag":[],"class_list":{"0":"post-2531","1":"product","2":"type-product","3":"status-publish","4":"has-post-thumbnail","6":"product_brand-renault","7":"product_cat-perfiladas","8":"product_cat-portada","9":"product_cat-renault","10":"product_cat-vendida","12":"first","13":"outofstock","14":"shipping-taxable","15":"product-type-simple"},"_links":{"self":[{"href":"https:\/\/www.carcaracol.com\/de\/wp-json\/wp\/v2\/product\/2531","targetHints":{"allow":["GET"]}}],"collection":[{"href":"https:\/\/www.carcaracol.com\/de\/wp-json\/wp\/v2\/product"}],"about":[{"href":"https:\/\/www.carcaracol.com\/de\/wp-json\/wp\/v2\/types\/product"}],"wp:featuredmedia":[{"embeddable":true,"href":"https:\/\/www.carcaracol.com\/de\/wp-json\/wp\/v2\/media\/2572"}],"wp:attachment":[{"href":"https:\/\/www.carcaracol.com\/de\/wp-json\/wp\/v2\/media?parent=2531"}],"wp:term":[{"taxonomy":"product_brand","embeddable":true,"href":"https:\/\/www.carcaracol.com\/de\/wp-json\/wp\/v2\/product_brand?post=2531"},{"taxonomy":"product_cat","embeddable":true,"href":"https:\/\/www.carcaracol.com\/de\/wp-json\/wp\/v2\/product_cat?post=2531"},{"taxonomy":"product_tag","embeddable":true,"href":"https:\/\/www.carcaracol.com\/de\/wp-json\/wp\/v2\/product_tag?post=2531"}],"curies":[{"name":"wp","href":"https:\/\/api.w.org\/{rel}","templated":true}]}}